{"id":16,"date":"2018-10-04T07:26:35","date_gmt":"2018-10-04T07:26:35","guid":{"rendered":"https:\/\/civilsig.com\/index.php\/testimonials\/"},"modified":"2024-10-01T14:54:03","modified_gmt":"2024-10-01T14:54:03","slug":"testimonials","status":"publish","type":"page","link":"https:\/\/civilsig.com.co\/index.php\/testimonials\/","title":{"rendered":"Testimonials"},"content":{"rendered":"\n\n\t\t\t<h6>\n\t\t\t\t\tEmpresas \n\t\t\t\t<\/h6>\n\t\t\t<h1>\n\t\t\t\t\tALIADAS\n\t\t\t\t<\/h1>\n\t\t\t<h4>\n\t\t\t\t\t&#8221; Nos brindaron su servicio t\u00e9cnico para el levantamiento topogr\u00e1fico de toda la planta del CPF de Cupiagua, mediante el uso de Estaci\u00f3n total topogr\u00e1fica y de RTK doble frecuencia&#8221; \n\t\t\t\t<\/h4>\n\t\t\t<p><strong>Nancy Chaparro &#8211; Gerente CTRM SAS<\/strong><\/p>\n\t\t\t\t<img decoding=\"async\" src=\"https:\/\/civilsig.com.co\/wp-content\/uploads\/2022\/10\/logo-3.png\" alt=\"logo 3\" itemprop=\"image\"\/>\n\t\t\t<h4>\n\t\t\t\t\t&#8211;\t&#8220;Nos han brindado su soporte t\u00e9cnico y profesional durante la elaboraci\u00f3n del documento t\u00e9cnico con l\u00ednea base hist\u00f3rica y el an\u00e1lisis multitemporal del cruce subfluvial del Gasoducto Flore\u00f1a &#8211; Yopal 6&#8243;, en el que incluyen fotogrametr\u00eda, modelaci\u00f3n hidr\u00e1ulica y concepto ingenieril para la toma de decisiones  frente a las obras de mitigaci\u00f3n en los m\u00e1rgenes del rio Cravo Sur&#8221;.\n\t\t\t\t<\/h4>\n\t\t\t<p><strong>Ing. Yilber Sterling &#8211; Project Civil Engineer Lead\u00a0<\/strong><\/p>\n\t\t\t\t<img decoding=\"async\" src=\"https:\/\/civilsig.com.co\/wp-content\/uploads\/2022\/10\/logo-1.png\" alt=\"logo 1\" itemprop=\"image\"\/>\n\t\t\t<h4>\n\t\t\t\t\t&#8220;El equipo de profesionales de CIVILSIG nos prestaron su servicio profesional en la modelaci\u00f3n hidr\u00e1ulica por avenida torrencial en el escenario de represamiento del rio Cusiana, en el sector la Granja del municipio de Pajarito &#8211; Boyac\u00e1&#8221;\n\t\t\t\t<\/h4>\n\t\t\t<p><strong>Ing. Carlos Monta\u00f1ez &#8211; Profesional Apoyo GR<\/strong><\/p>\n\t\t\t\t<img decoding=\"async\" src=\"https:\/\/civilsig.com.co\/wp-content\/uploads\/2022\/10\/logo-7.png\" alt=\"logo 7\" itemprop=\"image\"\/>\n\t\t\t<h5>\n\t\t\t\t\t&#8220;La empresa CIVILSIG SAS nos brind\u00f3 la asesor\u00eda, acompa\u00f1amiento, conceptos t\u00e9cnicos en la construcci\u00f3n de obras de mitigaci\u00f3n en la atenci\u00f3n a las emergencias presentadas durante el a\u00f1o 2022 en el cruce sub fluvial del gasoducto Flore\u00f1a &#8211; Yopal al rio Cravo Sur&#8221;.\n\t\t\t\t<\/h5>\n\t\t\t<p><strong>Ing. Julio Cesar Mart\u00ednez &#8211; Director De Operaci\u00f3n Y Mantenimiento<\/strong><\/p>\n\t\t\t\t<img decoding=\"async\" src=\"https:\/\/civilsig.com.co\/wp-content\/uploads\/2022\/10\/logo-6.png\" alt=\"logo 6\" itemprop=\"image\"\/>\n\t\t\t<h4>\n\t\t\t\t\t&#8220;Los profesionales de CIVILSIG han participado activamente en el seguimiento topogr\u00e1fico a las actividades de mantenimiento de los puente ductos que tiene nuestra compa\u00f1\u00eda. De igual manera realizaron la localizaci\u00f3n de anomal\u00edas con puntos ILI del sistema ODR mediante GPS RTK doble frecuencia&#8221;.\n\t\t\t\t<\/h4>\n\t\t\t<p><strong>Ing. Juan Pablo Bernal \u00a0&#8211; Supervisor Civil<\/strong><\/p>\n\t\t\t\t<img decoding=\"async\" src=\"https:\/\/civilsig.com.co\/wp-content\/uploads\/2024\/09\/MagnexGroup.png\" alt=\"MagnexGroup\" itemprop=\"image\"\/>\n\t\t\t\t<img decoding=\"async\" src=\"https:\/\/civilsig.com.co\/wp-content\/uploads\/2022\/10\/unnamed-1.png\" alt=\"unnamed (1)\" itemprop=\"image\"\/>\n\t\t\t<h2>\n\t\t\t\t\tTodos nuestro equipo tiene su licencia de ingenieria activa.\n\t\t\t\t<\/h2>\n\n","protected":false},"excerpt":{"rendered":"<p>Empresas ALIADAS &#8221; Nos brindaron su servicio t\u00e9cnico para el levantamiento topogr\u00e1fico de toda la planta del CPF de Cupiagua, mediante el uso de Estaci\u00f3n total topogr\u00e1fica y de RTK doble frecuencia&#8221; Nancy Chaparro &#8211; Gerente CTRM SAS &#8211; &#8220;Nos han brindado su soporte t\u00e9cnico y profesional durante la elaboraci\u00f3n del documento t\u00e9cnico con l\u00ednea [&hellip;]<\/p>\n","protected":false},"author":1,"featured_media":0,"parent":0,"menu_order":0,"comment_status":"closed","ping_status":"closed","template":"","meta":{"om_disable_all_campaigns":false,"_monsterinsights_skip_tracking":false,"_monsterinsights_sitenote_active":false,"_monsterinsights_sitenote_note":"","_monsterinsights_sitenote_category":0,"site-sidebar-layout":"no-sidebar","site-content-layout":"page-builder","ast-site-content-layout":"default","site-content-style":"default","site-sidebar-style":"default","ast-global-header-display":"","ast-banner-title-visibility":"","ast-main-header-display":"","ast-hfb-above-header-display":"","ast-hfb-below-header-display":"","ast-hfb-mobile-header-display":"","site-post-title":"disabled","ast-breadcrumbs-content":"","ast-featured-img":"disabled","footer-sml-layout":"","ast-disable-related-posts":"","theme-transparent-header-meta":"enabled","adv-header-id-meta":"","stick-header-meta":"","header-above-stick-meta":"","header-main-stick-meta":"","header-below-stick-meta":"","astra-migrate-meta-layouts":"default","ast-page-background-enabled":"default","ast-page-background-meta":{"desktop":{"background-color":"","background-image":"","background-repeat":"repeat","background-position":"center center","background-size":"auto","background-attachment":"scroll","background-type":"","background-media":"","overlay-type":"","overlay-color":"","overlay-opacity":"","overlay-gradient":""},"tablet":{"background-color":"","background-image":"","background-repeat":"repeat","background-position":"center center","background-size":"auto","background-attachment":"scroll","background-type":"","background-media":"","overlay-type":"","overlay-color":"","overlay-opacity":"","overlay-gradient":""},"mobile":{"background-color":"","background-image":"","background-repeat":"repeat","background-position":"center center","background-size":"auto","background-attachment":"scroll","background-type":"","background-media":"","overlay-type":"","overlay-color":"","overlay-opacity":"","overlay-gradient":""}},"ast-content-background-meta":{"desktop":{"background-color":"var(--ast-global-color-5)","background-image":"","background-repeat":"repeat","background-position":"center center","background-size":"auto","background-attachment":"scroll","background-type":"","background-media":"","overlay-type":"","overlay-color":"","overlay-opacity":"","overlay-gradient":""},"tablet":{"background-color":"var(--ast-global-color-5)","background-image":"","background-repeat":"repeat","background-position":"center center","background-size":"auto","background-attachment":"scroll","background-type":"","background-media":"","overlay-type":"","overlay-color":"","overlay-opacity":"","overlay-gradient":""},"mobile":{"background-color":"var(--ast-global-color-5)","background-image":"","background-repeat":"repeat","background-position":"center center","background-size":"auto","background-attachment":"scroll","background-type":"","background-media":"","overlay-type":"","overlay-color":"","overlay-opacity":"","overlay-gradient":""}},"footnotes":""},"class_list":["post-16","page","type-page","status-publish","hentry"],"aioseo_notices":[],"_links":{"self":[{"href":"https:\/\/civilsig.com.co\/index.php\/wp-json\/wp\/v2\/pages\/16","targetHints":{"allow":["GET"]}}],"collection":[{"href":"https:\/\/civilsig.com.co\/index.php\/wp-json\/wp\/v2\/pages"}],"about":[{"href":"https:\/\/civilsig.com.co\/index.php\/wp-json\/wp\/v2\/types\/page"}],"author":[{"embeddable":true,"href":"https:\/\/civilsig.com.co\/index.php\/wp-json\/wp\/v2\/users\/1"}],"replies":[{"embeddable":true,"href":"https:\/\/civilsig.com.co\/index.php\/wp-json\/wp\/v2\/comments?post=16"}],"version-history":[{"count":9,"href":"https:\/\/civilsig.com.co\/index.php\/wp-json\/wp\/v2\/pages\/16\/revisions"}],"predecessor-version":[{"id":11657,"href":"https:\/\/civilsig.com.co\/index.php\/wp-json\/wp\/v2\/pages\/16\/revisions\/11657"}],"wp:attachment":[{"href":"https:\/\/civilsig.com.co\/index.php\/wp-json\/wp\/v2\/media?parent=16"}],"curies":[{"name":"wp","href":"https:\/\/api.w.org\/{rel}","templated":true}]}}