{"id":5,"date":"2018-10-04T05:14:57","date_gmt":"2018-10-04T05:14:57","guid":{"rendered":"https:\/\/civilsig.com\/index.php\/home\/"},"modified":"2025-11-21T16:23:32","modified_gmt":"2025-11-21T16:23:32","slug":"home","status":"publish","type":"page","link":"https:\/\/civilsig.com.co\/","title":{"rendered":"Home"},"content":{"rendered":"\n\n\t\t\t\t<img loading=\"lazy\" decoding=\"async\" src=\"https:\/\/civilsig.com.co\/wp-content\/uploads\/2022\/10\/cuadro-150x150.png\" alt=\"cuadro\" itemprop=\"image\" height=\"150\" width=\"150\" title=\"cuadro\" onerror=\"this.style.display='none'\"  \/>\n\t\t\t<h2>\n\t\t\t\t\tSobre Nosotros\n\t\t\t\t<\/h2>\n\t<p>Equipos multidisciplinarios desarrollan soluciones constructivas eficientes con el mejor escenario Costo\u00a0&#8211;\u00a0Beneficio<\/p>\n\t\t\t<a href=\"https:\/\/civilsig.com.co\/wp-content\/uploads\/2024\/11\/BROCHURE-CIVILSIG.pdf\" target=\"_self\"  role=\"button\">\n\t\t\t\t\t\tVER BROCHURE\n\t\t<\/a>\n\t\t\t<a href=\"https:\/\/civilsig.com.co\/wp-content\/uploads\/2024\/09\/SLIDE-DE-SERVICIOS.pdf\" target=\"_self\"  role=\"button\">\n\t\t\t\t\t\tVER SLIDE DE SERVICIOS\n\t\t<\/a>\n\t\t\t\t<img decoding=\"async\" src=\"https:\/\/civilsig.com.co\/wp-content\/uploads\/2022\/10\/1.jpg\" alt=\"1\" itemprop=\"image\"\/>\n\t\t\t<h6>\n\t\t\t\t\tAlgunos de nuestros Servicios\n\t\t\t\t<\/h6>\n\t\t\t<h2>\n\t\t\t\t\tIngenieros y profesionales trabajan en equipo desarrollando proyectos de construcci\u00f3n de obras Civiles\n\t\t\t\t<\/h2>\n\t\t\t<h6>\n\t\t\t\t\t<a href=\"https:\/\/civilsig.com.co\/index.php\/portfolio\/#4\" title=\"Servicio\" target=\"_self\">\n\t\t\t\t\t\tServicio\n\t\t\t\t\t\t<\/a>\n\t\t\t<\/h6>\n\t\t\t<p><a href=\"https:\/\/civilsig.com.co\/index.php\/portfolio\/#4\">GEOTECNIA, GEOLOG\u00cdA E HIDROTECNIA<\/a><\/p>\n\t\t\t<a href=\"https:\/\/civilsig.com.co\/index.php\/portfolio\/#4\" target=\"_self\">\n\t\t\t\t\t\t\t\t<\/a>\n\t\t\t<h6>\n\t\t\t\t\t<a href=\"https:\/\/civilsig.com.co\/index.php\/portfolio\/#13\" title=\"Servicio\" target=\"_self\">\n\t\t\t\t\t\tServicio\n\t\t\t\t\t\t<\/a>\n\t\t\t<\/h6>\n\t\t\t<p><a href=\"https:\/\/civilsig.com.co\/index.php\/portfolio\/#13\">FOTOGRAMETR\u00cdA, LIDAR Y TOPOGRAF\u00cdA<\/a><\/p>\n\t\t\t<a href=\"https:\/\/civilsig.com.co\/index.php\/portfolio\/#13\" target=\"_self\">\n\t\t\t\t\t\t\t\t<\/a>\n\t\t\t<h6>\n\t\t\t\t\t<a href=\"https:\/\/civilsig.com.co\/index.php\/portfolio\/#1\" title=\"Servicio\" target=\"_self\">\n\t\t\t\t\t\tServicio\n\t\t\t\t\t\t<\/a>\n\t\t\t<\/h6>\n\t\t\t<p><a href=\"https:\/\/civilsig.com.co\/index.php\/portfolio\/#1\">INSPECCION VISUAL PARA INFRAESTRUCTURAS L\u00cdNEALEAS<\/a><\/p>\n\t\t\t<a href=\"https:\/\/civilsig.com.co\/index.php\/portfolio\/#13\" target=\"_self\">\n\t\t\t\t\t\t\t\t<\/a>\n\t\t\t<h6>\n\t\t\t\t\t<a href=\"https:\/\/civilsig.com.co\/index.php\/portfolio\/#18\" title=\"Servicio\" target=\"_self\">\n\t\t\t\t\t\tServicio\n\t\t\t\t\t\t<\/a>\n\t\t\t<\/h6>\n\t\t\t<p><a href=\"https:\/\/civilsig.com.co\/index.php\/portfolio\/#18\">SOLUCIONES Y SERVICIOS AMBIENTALES <\/a><\/p>\n\t\t\t<a href=\"https:\/\/civilsig.com.co\/index.php\/portfolio\/#18\" target=\"_self\">\n\t\t\t\t\t\t\t\t<\/a>\n\t\t\t<h6>\n\t\t\t\t\t<a href=\"https:\/\/civilsig.com.co\/index.php\/portfolio\/#19\" title=\"Servicio\" target=\"_self\">\n\t\t\t\t\t\tServicio\n\t\t\t\t\t\t<\/a>\n\t\t\t<\/h6>\n\t\t\t<p><a href=\"https:\/\/civilsig.com.co\/index.php\/portfolio\/#19\">AGRICULTURA DE PRECISI\u00d3N\u00a0<\/a><\/p>\n\t\t\t<a href=\"https:\/\/civilsig.com.co\/index.php\/portfolio\/#19\" target=\"_self\">\n\t\t\t\t\t\t\t\t<\/a>\n\t\t\t<h6>\n\t\t\t\t\t<a href=\"https:\/\/civilsig.com.co\/index.php\/portfolio\/#0\" title=\"Servicio\" target=\"_self\">\n\t\t\t\t\t\tServicio\n\t\t\t\t\t\t<\/a>\n\t\t\t<\/h6>\n\t\t\t<p><a href=\"https:\/\/civilsig.com.co\/index.php\/portfolio\/0\">OBRAS CIVILES Y MANTENIMIENTOS, INTERVENCIONES CON MAQUINARIA PESADA<\/a><\/p>\n<h3>\n\t\tALGUNOS DE NUESTROS PROYECTOS COMO CASOS DE EXITO EN DIFERENTES INDUSTRIAS\n\t<\/h3>\n<p>En CivilSig, nos enorgullecemos de haber ejecutado una variedad de proyectos exitosos en m\u00faltiples industrias. Desde construcciones de infraestructura hasta soluciones especializadas en agro y medio ambiente, nuestros casos de \u00e9xito reflejan nuestro compromiso con la innovaci\u00f3n y la eficiencia. Cada proyecto es una muestra de nuestra capacidad para adaptarnos a las necesidades del cliente, utilizando tecnolog\u00edas de vanguardia para superar desaf\u00edos y ofrecer resultados \u00f3ptimos.<\/p>\n\t\t\t<a href=\"https:\/\/civilsig.com.co\/index.php\/casos-de-exito\/\" target=\"_self\">\n\t\t\t\t\t\t\tVER PROYECTOS\n\t\t\t\t\t<\/a>\n\n","protected":false},"excerpt":{"rendered":"<p>Sobre Nosotros Equipos multidisciplinarios desarrollan soluciones constructivas eficientes con el mejor escenario Costo\u00a0&#8211;\u00a0Beneficio VER BROCHURE VER SLIDE DE SERVICIOS Algunos de nuestros Servicios Ingenieros y profesionales trabajan en equipo desarrollando proyectos de construcci\u00f3n de obras Civiles Servicio GEOTECNIA, GEOLOG\u00cdA E HIDROTECNIA Servicio FOTOGRAMETR\u00cdA, LIDAR Y TOPOGRAF\u00cdA Servicio INSPECCION VISUAL PARA INFRAESTRUCTURAS L\u00cdNEALEAS Servicio SOLUCIONES Y [&hellip;]<\/p>\n","protected":false},"author":1,"featured_media":0,"parent":0,"menu_order":0,"comment_status":"closed","ping_status":"closed","template":"","meta":{"om_disable_all_campaigns":false,"_monsterinsights_skip_tracking":false,"_monsterinsights_sitenote_active":false,"_monsterinsights_sitenote_note":"","_monsterinsights_sitenote_category":0,"site-sidebar-layout":"no-sidebar","site-content-layout":"page-builder","ast-site-content-layout":"full-width-container","site-content-style":"unboxed","site-sidebar-style":"unboxed","ast-global-header-display":"","ast-banner-title-visibility":"","ast-main-header-display":"","ast-hfb-above-header-display":"","ast-hfb-below-header-display":"","ast-hfb-mobile-header-display":"","site-post-title":"disabled","ast-breadcrumbs-content":"","ast-featured-img":"disabled","footer-sml-layout":"","ast-disable-related-posts":"","theme-transparent-header-meta":"enabled","adv-header-id-meta":"","stick-header-meta":"","header-above-stick-meta":"","header-main-stick-meta":"","header-below-stick-meta":"","astra-migrate-meta-layouts":"set","ast-page-background-enabled":"default","ast-page-background-meta":{"desktop":{"background-color":"","background-image":"","background-repeat":"repeat","background-position":"center center","background-size":"auto","background-attachment":"scroll","background-type":"","background-media":"","overlay-type":"","overlay-color":"","overlay-opacity":"","overlay-gradient":""},"tablet":{"background-color":"","background-image":"","background-repeat":"repeat","background-position":"center center","background-size":"auto","background-attachment":"scroll","background-type":"","background-media":"","overlay-type":"","overlay-color":"","overlay-opacity":"","overlay-gradient":""},"mobile":{"background-color":"","background-image":"","background-repeat":"repeat","background-position":"center center","background-size":"auto","background-attachment":"scroll","background-type":"","background-media":"","overlay-type":"","overlay-color":"","overlay-opacity":"","overlay-gradient":""}},"ast-content-background-meta":{"desktop":{"background-color":"var(--ast-global-color-5)","background-image":"","background-repeat":"repeat","background-position":"center center","background-size":"auto","background-attachment":"scroll","background-type":"","background-media":"","overlay-type":"","overlay-color":"","overlay-opacity":"","overlay-gradient":""},"tablet":{"background-color":"var(--ast-global-color-5)","background-image":"","background-repeat":"repeat","background-position":"center center","background-size":"auto","background-attachment":"scroll","background-type":"","background-media":"","overlay-type":"","overlay-color":"","overlay-opacity":"","overlay-gradient":""},"mobile":{"background-color":"var(--ast-global-color-5)","background-image":"","background-repeat":"repeat","background-position":"center center","background-size":"auto","background-attachment":"scroll","background-type":"","background-media":"","overlay-type":"","overlay-color":"","overlay-opacity":"","overlay-gradient":""}},"footnotes":""},"class_list":["post-5","page","type-page","status-publish","hentry"],"aioseo_notices":[],"_links":{"self":[{"href":"https:\/\/civilsig.com.co\/index.php\/wp-json\/wp\/v2\/pages\/5","targetHints":{"allow":["GET"]}}],"collection":[{"href":"https:\/\/civilsig.com.co\/index.php\/wp-json\/wp\/v2\/pages"}],"about":[{"href":"https:\/\/civilsig.com.co\/index.php\/wp-json\/wp\/v2\/types\/page"}],"author":[{"embeddable":true,"href":"https:\/\/civilsig.com.co\/index.php\/wp-json\/wp\/v2\/users\/1"}],"replies":[{"embeddable":true,"href":"https:\/\/civilsig.com.co\/index.php\/wp-json\/wp\/v2\/comments?post=5"}],"version-history":[{"count":92,"href":"https:\/\/civilsig.com.co\/index.php\/wp-json\/wp\/v2\/pages\/5\/revisions"}],"predecessor-version":[{"id":11795,"href":"https:\/\/civilsig.com.co\/index.php\/wp-json\/wp\/v2\/pages\/5\/revisions\/11795"}],"wp:attachment":[{"href":"https:\/\/civilsig.com.co\/index.php\/wp-json\/wp\/v2\/media?parent=5"}],"curies":[{"name":"wp","href":"https:\/\/api.w.org\/{rel}","templated":true}]}}