{"id":658,"date":"2018-10-04T06:18:10","date_gmt":"2018-10-04T06:18:10","guid":{"rendered":"https:\/\/civilsig.com\/index.php\/about\/"},"modified":"2025-11-26T14:33:20","modified_gmt":"2025-11-26T14:33:20","slug":"about","status":"publish","type":"page","link":"https:\/\/civilsig.com.co\/index.php\/about\/","title":{"rendered":"About"},"content":{"rendered":"\n\n\t\t\t<h6>\n\t\t\t\t\tNosotros somos\n\t\t\t\t<\/h6>\n\t\t\t<h1>\n\t\t\t\t\tCIVILSIG SAS\n\t\t\t\t<\/h1>\n\t\t\t<h6>\n\t\t\t\t\tLlegamos para innovar\n\t\t\t\t<\/h6>\n\t\t\t<h2>\n\t\t\t\t\t\u00bfQuienes Somos?\n\t\t\t\t<\/h2>\n\t\t\t<p>Somos una empresa de consultor\u00eda y construcci\u00f3n de obras civiles, en servicios de ingenier\u00eda, topograf\u00eda y geodesia, vanguardista en el uso de nuevas tecnolog\u00edas.<\/p>\n\t\t\t<h4>\n\t\t\t\t\tNuestra misi\u00f3n\n\t\t\t\t<\/h4>\n\t\t\t<h4>\n\t\t\t\t\tNuestra visi\u00f3n\n\t\t\t\t<\/h4>\n\t<p>Para el a\u00f1o 2025 CIVILSIG SAS nos consolidaremos como una empresa sostenible, social y financieramente, l\u00edder a nivel regional y nacional en proyectos de consultor\u00eda e ingenier\u00eda civil, implementearemos las nuevas tecnolog\u00edas e innovaciones del mercado, seremos reconocidos por la alta competitividad profesional y calidad de nuestro trabajo.<\/p>\n\t<meta itemprop=\"url\" content=\"https:\/\/civilsig.com.co\/wp-content\/uploads\/2024\/10\/video-contactanos-1.mp4\" \/><div style=\"width: 640px;\" class=\"wp-video\"><!--[if lt IE 9]><script>document.createElement('video');<\/script><![endif]-->\n<video class=\"wp-video-shortcode\" id=\"video-658-1\" width=\"640\" height=\"360\" preload=\"metadata\" controls=\"controls\"><source type=\"video\/mp4\" src=\"https:\/\/civilsig.com.co\/wp-content\/uploads\/2024\/10\/video-contactanos-1.mp4?_=1\" \/><a href=\"https:\/\/civilsig.com.co\/wp-content\/uploads\/2024\/10\/video-contactanos-1.mp4\">https:\/\/civilsig.com.co\/wp-content\/uploads\/2024\/10\/video-contactanos-1.mp4<\/a><\/video><\/div>\n\n","protected":false},"excerpt":{"rendered":"<p>Nosotros somos CIVILSIG SAS Llegamos para innovar \u00bfQuienes Somos? Somos una empresa de consultor\u00eda y construcci\u00f3n de obras civiles, en servicios de ingenier\u00eda, topograf\u00eda y geodesia, vanguardista en el uso de nuevas tecnolog\u00edas. Nuestra misi\u00f3n Nuestra visi\u00f3n Para el a\u00f1o 2025 CIVILSIG SAS nos consolidaremos como una empresa sostenible, social y financieramente, l\u00edder a nivel [&hellip;]<\/p>\n","protected":false},"author":1,"featured_media":0,"parent":0,"menu_order":0,"comment_status":"closed","ping_status":"closed","template":"","meta":{"om_disable_all_campaigns":false,"_monsterinsights_skip_tracking":false,"_monsterinsights_sitenote_active":false,"_monsterinsights_sitenote_note":"","_monsterinsights_sitenote_category":0,"site-sidebar-layout":"no-sidebar","site-content-layout":"page-builder","ast-site-content-layout":"default","site-content-style":"default","site-sidebar-style":"default","ast-global-header-display":"","ast-banner-title-visibility":"","ast-main-header-display":"","ast-hfb-above-header-display":"","ast-hfb-below-header-display":"","ast-hfb-mobile-header-display":"","site-post-title":"disabled","ast-breadcrumbs-content":"","ast-featured-img":"disabled","footer-sml-layout":"","ast-disable-related-posts":"","theme-transparent-header-meta":"enabled","adv-header-id-meta":"","stick-header-meta":"","header-above-stick-meta":"","header-main-stick-meta":"","header-below-stick-meta":"","astra-migrate-meta-layouts":"default","ast-page-background-enabled":"default","ast-page-background-meta":{"desktop":{"background-color":"","background-image":"","background-repeat":"repeat","background-position":"center center","background-size":"auto","background-attachment":"scroll","background-type":"","background-media":"","overlay-type":"","overlay-color":"","overlay-opacity":"","overlay-gradient":""},"tablet":{"background-color":"","background-image":"","background-repeat":"repeat","background-position":"center center","background-size":"auto","background-attachment":"scroll","background-type":"","background-media":"","overlay-type":"","overlay-color":"","overlay-opacity":"","overlay-gradient":""},"mobile":{"background-color":"","background-image":"","background-repeat":"repeat","background-position":"center center","background-size":"auto","background-attachment":"scroll","background-type":"","background-media":"","overlay-type":"","overlay-color":"","overlay-opacity":"","overlay-gradient":""}},"ast-content-background-meta":{"desktop":{"background-color":"var(--ast-global-color-5)","background-image":"","background-repeat":"repeat","background-position":"center center","background-size":"auto","background-attachment":"scroll","background-type":"","background-media":"","overlay-type":"","overlay-color":"","overlay-opacity":"","overlay-gradient":""},"tablet":{"background-color":"var(--ast-global-color-5)","background-image":"","background-repeat":"repeat","background-position":"center center","background-size":"auto","background-attachment":"scroll","background-type":"","background-media":"","overlay-type":"","overlay-color":"","overlay-opacity":"","overlay-gradient":""},"mobile":{"background-color":"var(--ast-global-color-5)","background-image":"","background-repeat":"repeat","background-position":"center center","background-size":"auto","background-attachment":"scroll","background-type":"","background-media":"","overlay-type":"","overlay-color":"","overlay-opacity":"","overlay-gradient":""}},"footnotes":""},"class_list":["post-658","page","type-page","status-publish","hentry"],"aioseo_notices":[],"_links":{"self":[{"href":"https:\/\/civilsig.com.co\/index.php\/wp-json\/wp\/v2\/pages\/658","targetHints":{"allow":["GET"]}}],"collection":[{"href":"https:\/\/civilsig.com.co\/index.php\/wp-json\/wp\/v2\/pages"}],"about":[{"href":"https:\/\/civilsig.com.co\/index.php\/wp-json\/wp\/v2\/types\/page"}],"author":[{"embeddable":true,"href":"https:\/\/civilsig.com.co\/index.php\/wp-json\/wp\/v2\/users\/1"}],"replies":[{"embeddable":true,"href":"https:\/\/civilsig.com.co\/index.php\/wp-json\/wp\/v2\/comments?post=658"}],"version-history":[{"count":15,"href":"https:\/\/civilsig.com.co\/index.php\/wp-json\/wp\/v2\/pages\/658\/revisions"}],"predecessor-version":[{"id":11710,"href":"https:\/\/civilsig.com.co\/index.php\/wp-json\/wp\/v2\/pages\/658\/revisions\/11710"}],"wp:attachment":[{"href":"https:\/\/civilsig.com.co\/index.php\/wp-json\/wp\/v2\/media?parent=658"}],"curies":[{"name":"wp","href":"https:\/\/api.w.org\/{rel}","templated":true}]}}