{"id":935,"date":"2022-11-03T21:40:07","date_gmt":"2022-11-03T21:40:07","guid":{"rendered":"https:\/\/civilsig.com\/?page_id=935"},"modified":"2024-10-01T20:06:16","modified_gmt":"2024-10-01T20:06:16","slug":"post-935","status":"publish","type":"page","link":"https:\/\/civilsig.com.co\/index.php\/post-935\/","title":{"rendered":"Post #935"},"content":{"rendered":"\n<h2>\n\t\tATENCI\u00d3N DE EMERGENCIAS DEL R\u00cdO CRAVO SUR CON EL GASODUCTO FLORE\u00d1A &#8211; YOPAL 6&#8243; COINOGAS.\n\t<\/h2>\n\t<p>Dentro del marco de la atenci\u00f3n de las emergencias presentadas en el cruce subfluvial del gasoducto Flore\u00f1a &#8211; Yopal de 6&#8243; al Rio Cravo Sur, ocasionadas por las crecientes s\u00fabitas presentadas en los meses de junio y agosto de 2022, se desarrollaron actividades de mitigaci\u00f3n que permitieron controlar y disminuir el riesgo por exposici\u00f3n de la tuber\u00eda del gasoducto.<\/p>\n<p>En un trabajo mancomunado entre \u00a0COINOGAS, PERENCO, CMGRD Y CIVILSIG, se realizaron un conjunto de actividades que permitieron asegurar la integridad del gasoducto:<\/p>\n<ul>\n<li>AUMENTO DE LA SECCI\u00d3N HIDR\u00c1ULICA: Con esta actividad se aument\u00f3 la secci\u00f3n hidr\u00e1ulica de la parte central del r\u00edo y se habilit\u00f3 una longitud transversal de sesenta (60) metros que estabiliz\u00f3 la velocidad de la corriente y minimiz\u00f3 la energ\u00eda cin\u00e9tica del movimiento, mitigando los procesos de socavaci\u00f3n y profundizaci\u00f3n<\/li>\n<li>CONSTRUCCION JARILL\u00d3N: La construcci\u00f3n de un jarill\u00f3n central que brindara una barrera extra de protecci\u00f3n y abatiera los primeros pulsos de inundaci\u00f3n.<\/li>\n<li>RELLENO ADICIONAL EN EL AUMENTO DE COTA Y TAPADO DE TUBER\u00cdA CON MATERIAL DE CRUDO DE RIO: Consistente en la reconformaci\u00f3n de una terraza con material de crudo de rio que permitiera el tapado de la tuber\u00eda expuesta y el aumento de la cota.<\/li>\n<li>ENROCADO PARA PROTECCI\u00d3N DEL GASODUCTO: Construcci\u00f3n de un enrocado que mejore la rigidez en la protecci\u00f3n del Gasoducto y el talud rellenado y conformado. En la intervenci\u00f3n del mes de agosto se realizo el anclaje y amarre con guaya a dicho enrocado para asegurar la homogeneidad de la estructura, lo que aumenta su resistencia y eficacia.<\/li>\n<\/ul>\n\t\t\t\t<img decoding=\"async\" src=\"http:\/\/civilsig.com\/wp-content\/uploads\/2022\/11\/Batimetria_Sep.png\" alt=\"Batimetria_Sep\" itemprop=\"image\" title=\"Batimetria_Sep\" onerror=\"this.style.display='none'\"  \/>\n\t\t\t\t<img decoding=\"async\" src=\"http:\/\/civilsig.com\/wp-content\/uploads\/2022\/11\/Esq_Anclaje_Enrocado.png\" alt=\"Esq_Anclaje_Enrocado\" itemprop=\"image\" title=\"Esq_Anclaje_Enrocado\" onerror=\"this.style.display='none'\"  \/>\n\t\t\t\t<img decoding=\"async\" src=\"http:\/\/civilsig.com\/wp-content\/uploads\/2022\/11\/DJI_0146-scaled.jpg\" alt=\"default\" itemprop=\"image\" title=\"default\" onerror=\"this.style.display='none'\"  \/>\n\t\t\t\t<img decoding=\"async\" src=\"http:\/\/civilsig.com\/wp-content\/uploads\/2022\/11\/DJI_0010-scaled.jpg\" alt=\"default\" itemprop=\"image\" title=\"default\" onerror=\"this.style.display='none'\"  \/>\n\t\t\t\t<img decoding=\"async\" src=\"http:\/\/civilsig.com\/wp-content\/uploads\/2022\/11\/Plan_Aten_Emer_Sep.png\" alt=\"Plan_Aten_Emer_Sep\" itemprop=\"image\" title=\"Plan_Aten_Emer_Sep\" onerror=\"this.style.display='none'\"  \/>\n\t<meta itemprop=\"url\" content=\"https:\/\/civilsig.com.co\/wp-content\/uploads\/2022\/11\/Emer-V2-Sept-1_v2.m4v\" \/><div style=\"width: 640px;\" class=\"wp-video\"><!--[if lt IE 9]><script>document.createElement('video');<\/script><![endif]-->\n<video class=\"wp-video-shortcode\" id=\"video-935-1\" width=\"640\" height=\"360\" preload=\"metadata\" controls=\"controls\"><source type=\"video\/mp4\" src=\"https:\/\/civilsig.com.co\/wp-content\/uploads\/2022\/11\/Emer-V2-Sept-1_v2.m4v?_=1\" \/><a href=\"https:\/\/civilsig.com.co\/wp-content\/uploads\/2022\/11\/Emer-V2-Sept-1_v2.m4v\">https:\/\/civilsig.com.co\/wp-content\/uploads\/2022\/11\/Emer-V2-Sept-1_v2.m4v<\/a><\/video><\/div>\n\t\t\t<a href=\"https:\/\/civilsig.com.co\/index.php\/casos-de-exito\/\" target=\"_self\" rel=\"noopener\">\n\t\t\t\t\t\t\tVOLVER A CASOS DE \u00c9XITO\n\t\t\t\t\t<\/a>\n\n","protected":false},"excerpt":{"rendered":"<p>ATENCI\u00d3N DE EMERGENCIAS DEL R\u00cdO CRAVO SUR CON EL GASODUCTO FLORE\u00d1A &#8211; YOPAL 6&#8243; COINOGAS. Dentro del marco de la atenci\u00f3n de las emergencias presentadas en el cruce subfluvial del gasoducto Flore\u00f1a &#8211; Yopal de 6&#8243; al Rio Cravo Sur, ocasionadas por las crecientes s\u00fabitas presentadas en los meses de junio y agosto de 2022, [&hellip;]<\/p>\n","protected":false},"author":1,"featured_media":0,"parent":0,"menu_order":0,"comment_status":"closed","ping_status":"closed","template":"","meta":{"om_disable_all_campaigns":false,"_monsterinsights_skip_tracking":false,"_monsterinsights_sitenote_active":false,"_monsterinsights_sitenote_note":"","_monsterinsights_sitenote_category":0,"site-sidebar-layout":"no-sidebar","site-content-layout":"page-builder","ast-site-content-layout":"default","site-content-style":"default","site-sidebar-style":"default","ast-global-header-display":"","ast-banner-title-visibility":"","ast-main-header-display":"","ast-hfb-above-header-display":"","ast-hfb-below-header-display":"","ast-hfb-mobile-header-display":"","site-post-title":"disabled","ast-breadcrumbs-content":"","ast-featured-img":"disabled","footer-sml-layout":"","ast-disable-related-posts":"","theme-transparent-header-meta":"default","adv-header-id-meta":"","stick-header-meta":"","header-above-stick-meta":"","header-main-stick-meta":"","header-below-stick-meta":"","astra-migrate-meta-layouts":"default","ast-page-background-enabled":"default","ast-page-background-meta":{"desktop":{"background-color":"","background-image":"","background-repeat":"repeat","background-position":"center center","background-size":"auto","background-attachment":"scroll","background-type":"","background-media":"","overlay-type":"","overlay-color":"","overlay-opacity":"","overlay-gradient":""},"tablet":{"background-color":"","background-image":"","background-repeat":"repeat","background-position":"center center","background-size":"auto","background-attachment":"scroll","background-type":"","background-media":"","overlay-type":"","overlay-color":"","overlay-opacity":"","overlay-gradient":""},"mobile":{"background-color":"","background-image":"","background-repeat":"repeat","background-position":"center center","background-size":"auto","background-attachment":"scroll","background-type":"","background-media":"","overlay-type":"","overlay-color":"","overlay-opacity":"","overlay-gradient":""}},"ast-content-background-meta":{"desktop":{"background-color":"var(--ast-global-color-5)","background-image":"","background-repeat":"repeat","background-position":"center center","background-size":"auto","background-attachment":"scroll","background-type":"","background-media":"","overlay-type":"","overlay-color":"","overlay-opacity":"","overlay-gradient":""},"tablet":{"background-color":"var(--ast-global-color-5)","background-image":"","background-repeat":"repeat","background-position":"center center","background-size":"auto","background-attachment":"scroll","background-type":"","background-media":"","overlay-type":"","overlay-color":"","overlay-opacity":"","overlay-gradient":""},"mobile":{"background-color":"var(--ast-global-color-5)","background-image":"","background-repeat":"repeat","background-position":"center center","background-size":"auto","background-attachment":"scroll","background-type":"","background-media":"","overlay-type":"","overlay-color":"","overlay-opacity":"","overlay-gradient":""}},"footnotes":""},"class_list":["post-935","page","type-page","status-publish","hentry"],"aioseo_notices":[],"_links":{"self":[{"href":"https:\/\/civilsig.com.co\/index.php\/wp-json\/wp\/v2\/pages\/935","targetHints":{"allow":["GET"]}}],"collection":[{"href":"https:\/\/civilsig.com.co\/index.php\/wp-json\/wp\/v2\/pages"}],"about":[{"href":"https:\/\/civilsig.com.co\/index.php\/wp-json\/wp\/v2\/types\/page"}],"author":[{"embeddable":true,"href":"https:\/\/civilsig.com.co\/index.php\/wp-json\/wp\/v2\/users\/1"}],"replies":[{"embeddable":true,"href":"https:\/\/civilsig.com.co\/index.php\/wp-json\/wp\/v2\/comments?post=935"}],"version-history":[{"count":9,"href":"https:\/\/civilsig.com.co\/index.php\/wp-json\/wp\/v2\/pages\/935\/revisions"}],"predecessor-version":[{"id":11681,"href":"https:\/\/civilsig.com.co\/index.php\/wp-json\/wp\/v2\/pages\/935\/revisions\/11681"}],"wp:attachment":[{"href":"https:\/\/civilsig.com.co\/index.php\/wp-json\/wp\/v2\/media?parent=935"}],"curies":[{"name":"wp","href":"https:\/\/api.w.org\/{rel}","templated":true}]}}