{"id":944,"date":"2022-11-03T21:48:31","date_gmt":"2022-11-03T21:48:31","guid":{"rendered":"https:\/\/civilsig.com\/?page_id=944"},"modified":"2024-10-01T19:48:09","modified_gmt":"2024-10-01T19:48:09","slug":"localizacion-de-anomalias-ili-sobre-el-ddv-del-oleoducto-odl-con-sistema-gnss","status":"publish","type":"page","link":"https:\/\/civilsig.com.co\/index.php\/localizacion-de-anomalias-ili-sobre-el-ddv-del-oleoducto-odl-con-sistema-gnss\/","title":{"rendered":"LOCALIZACI\u00d3N DE ANOMALIAS ILI SOBRE EL DDV DEL OLEODUCTO ODL CON SISTEMA GNSS."},"content":{"rendered":"\n<h2>\n\t\tLOCALIZACI\u00d3N DE ANOMALIAS ILI SOBRE EL DDV DEL OLEODUCTO ODL CON SISTEMA GNSS.\n\t<\/h2>\n\t<p>Cuando se incorporan algunos conceptos de las telecomunicaciones a la teor\u00eda y pr\u00e1ctica del GPS, surgen las denominadas observaciones en tiempo real. Estas consisten en la emisi\u00f3n de correcciones diferenciales, generadas por una estaci\u00f3n base, hacia las diferentes estaciones desconocidas que se est\u00e9n levantando, obteniendo coordenadas confiables en el mismo instante de la medici\u00f3n. Este tipo de mediciones requiere de instrumentaci\u00f3n especial y en algunos casos resultan complejas y sensibles ante las condiciones del entorno, no obstante, sus resultados son de muy buena calidad y suficientes para satisfacer los requerimientos de exactitud y precisi\u00f3n de levantamientos topogr\u00e1ficos y geod\u00e9sicos comunes; destacan por ejemplo las mediciones RTK y las DGPS en tiempo real.<\/p>\n<p>La correcta utilizaci\u00f3n de los nuevos conceptos de geodesia en tecnolog\u00eda RTK apoyado con correcciones en tiempo real apoyado en servidores es una ventaja en el momento de buscar coordenadas con correcciones centim\u00e9tricas en cuanto a tiempo y confianza de los resultados.<\/p>\n<p>Con base en ello, para el oleoducto ODL en total se ubicaron 14 puntos con soluciones fijas, ubicados en el predio La Deba, predio Valle Capo y V\u00e1lvula Manacacias, pertenecientes a la anomal\u00eda ILI (punto central) y dos puntos de juntas o soldaduras a cada lado de esta para cada uno de los predios.<\/p>\n\t\t\t\t<img decoding=\"async\" src=\"http:\/\/civilsig.com\/wp-content\/uploads\/2022\/11\/Detector_tuberia.jpg\" alt=\"Detector_tuberia\" itemprop=\"image\" title=\"Detector_tuberia\" onerror=\"this.style.display='none'\"  \/>\n\t\t\t\t<img decoding=\"async\" src=\"http:\/\/civilsig.com\/wp-content\/uploads\/2022\/11\/Ubic_Anom_ILI.jpg\" alt=\"Ubic_Anom_ILI\" itemprop=\"image\" title=\"Ubic_Anom_ILI\" onerror=\"this.style.display='none'\"  \/>\n\t\t\t\t<img decoding=\"async\" src=\"http:\/\/civilsig.com\/wp-content\/uploads\/2022\/11\/Ubic_Anom_ILI2-rotated.jpg\" alt=\"Ubic_Anom_ILI2\" itemprop=\"image\" title=\"Ubic_Anom_ILI2\" onerror=\"this.style.display='none'\"  \/>\n\t\t\t\t<img decoding=\"async\" src=\"http:\/\/civilsig.com\/wp-content\/uploads\/2022\/11\/Ubicacion_Anomalia_ILI.jpg\" alt=\"Ubicacion_Anomalia_ILI\" itemprop=\"image\" title=\"Ubicacion_Anomalia_ILI\" onerror=\"this.style.display='none'\"  \/>\n\t\t\t\t<img decoding=\"async\" src=\"http:\/\/civilsig.com\/wp-content\/uploads\/2022\/11\/Configuracion-NTRIP.png\" alt=\"Configuracion NTRIP\" itemprop=\"image\" title=\"Configuracion NTRIP\" onerror=\"this.style.display='none'\"  \/>\n\t\t\t<a href=\"https:\/\/civilsig.com.co\/index.php\/casos-de-exito\/\" target=\"_self\" rel=\"noopener\">\n\t\t\t\t\t\t\tREGRESAR A LOS CASOS DE \u00c9XITO\n\t\t\t\t\t<\/a>\n\n","protected":false},"excerpt":{"rendered":"<p>LOCALIZACI\u00d3N DE ANOMALIAS ILI SOBRE EL DDV DEL OLEODUCTO ODL CON SISTEMA GNSS. Cuando se incorporan algunos conceptos de las telecomunicaciones a la teor\u00eda y pr\u00e1ctica del GPS, surgen las denominadas observaciones en tiempo real. Estas consisten en la emisi\u00f3n de correcciones diferenciales, generadas por una estaci\u00f3n base, hacia las diferentes estaciones desconocidas que se [&hellip;]<\/p>\n","protected":false},"author":1,"featured_media":0,"parent":0,"menu_order":0,"comment_status":"closed","ping_status":"closed","template":"","meta":{"om_disable_all_campaigns":false,"_monsterinsights_skip_tracking":false,"_monsterinsights_sitenote_active":false,"_monsterinsights_sitenote_note":"","_monsterinsights_sitenote_category":0,"site-sidebar-layout":"no-sidebar","site-content-layout":"page-builder","ast-site-content-layout":"default","site-content-style":"default","site-sidebar-style":"default","ast-global-header-display":"","ast-banner-title-visibility":"","ast-main-header-display":"","ast-hfb-above-header-display":"","ast-hfb-below-header-display":"","ast-hfb-mobile-header-display":"","site-post-title":"disabled","ast-breadcrumbs-content":"","ast-featured-img":"disabled","footer-sml-layout":"","ast-disable-related-posts":"","theme-transparent-header-meta":"default","adv-header-id-meta":"","stick-header-meta":"","header-above-stick-meta":"","header-main-stick-meta":"","header-below-stick-meta":"","astra-migrate-meta-layouts":"default","ast-page-background-enabled":"default","ast-page-background-meta":{"desktop":{"background-color":"","background-image":"","background-repeat":"repeat","background-position":"center center","background-size":"auto","background-attachment":"scroll","background-type":"","background-media":"","overlay-type":"","overlay-color":"","overlay-opacity":"","overlay-gradient":""},"tablet":{"background-color":"","background-image":"","background-repeat":"repeat","background-position":"center center","background-size":"auto","background-attachment":"scroll","background-type":"","background-media":"","overlay-type":"","overlay-color":"","overlay-opacity":"","overlay-gradient":""},"mobile":{"background-color":"","background-image":"","background-repeat":"repeat","background-position":"center center","background-size":"auto","background-attachment":"scroll","background-type":"","background-media":"","overlay-type":"","overlay-color":"","overlay-opacity":"","overlay-gradient":""}},"ast-content-background-meta":{"desktop":{"background-color":"var(--ast-global-color-5)","background-image":"","background-repeat":"repeat","background-position":"center center","background-size":"auto","background-attachment":"scroll","background-type":"","background-media":"","overlay-type":"","overlay-color":"","overlay-opacity":"","overlay-gradient":""},"tablet":{"background-color":"var(--ast-global-color-5)","background-image":"","background-repeat":"repeat","background-position":"center center","background-size":"auto","background-attachment":"scroll","background-type":"","background-media":"","overlay-type":"","overlay-color":"","overlay-opacity":"","overlay-gradient":""},"mobile":{"background-color":"var(--ast-global-color-5)","background-image":"","background-repeat":"repeat","background-position":"center center","background-size":"auto","background-attachment":"scroll","background-type":"","background-media":"","overlay-type":"","overlay-color":"","overlay-opacity":"","overlay-gradient":""}},"footnotes":""},"class_list":["post-944","page","type-page","status-publish","hentry"],"aioseo_notices":[],"_links":{"self":[{"href":"https:\/\/civilsig.com.co\/index.php\/wp-json\/wp\/v2\/pages\/944","targetHints":{"allow":["GET"]}}],"collection":[{"href":"https:\/\/civilsig.com.co\/index.php\/wp-json\/wp\/v2\/pages"}],"about":[{"href":"https:\/\/civilsig.com.co\/index.php\/wp-json\/wp\/v2\/types\/page"}],"author":[{"embeddable":true,"href":"https:\/\/civilsig.com.co\/index.php\/wp-json\/wp\/v2\/users\/1"}],"replies":[{"embeddable":true,"href":"https:\/\/civilsig.com.co\/index.php\/wp-json\/wp\/v2\/comments?post=944"}],"version-history":[{"count":7,"href":"https:\/\/civilsig.com.co\/index.php\/wp-json\/wp\/v2\/pages\/944\/revisions"}],"predecessor-version":[{"id":11671,"href":"https:\/\/civilsig.com.co\/index.php\/wp-json\/wp\/v2\/pages\/944\/revisions\/11671"}],"wp:attachment":[{"href":"https:\/\/civilsig.com.co\/index.php\/wp-json\/wp\/v2\/media?parent=944"}],"curies":[{"name":"wp","href":"https:\/\/api.w.org\/{rel}","templated":true}]}}