{"id":959,"date":"2022-11-03T22:09:33","date_gmt":"2022-11-03T22:09:33","guid":{"rendered":"https:\/\/civilsig.com\/?page_id=959"},"modified":"2024-10-01T20:06:43","modified_gmt":"2024-10-01T20:06:43","slug":"modelacion-hidraulica-por-avenida-torrencial-en-el-escenario-de-represamiento-del-rio-cusiana-a-la-altura-del-sector-la-granja-km-87-hasta-el-sector-del-casco-urbano-del-municipio-de-pajarito-depart","status":"publish","type":"page","link":"https:\/\/civilsig.com.co\/index.php\/modelacion-hidraulica-por-avenida-torrencial-en-el-escenario-de-represamiento-del-rio-cusiana-a-la-altura-del-sector-la-granja-km-87-hasta-el-sector-del-casco-urbano-del-municipio-de-pajarito-depart\/","title":{"rendered":"MODELACI\u00d3N HIDR\u00c1ULICA POR AVENIDA TORRENCIAL EN EL ESCENARIO DE REPRESAMIENTO DEL R\u00cdO CUSIANA A LA ALTURA DEL SECTOR LA GRANJA KM 87, HASTA EL SECTOR DEL CASCO URBANO DEL MUNICIPIO DE PAJARITO, DEPARTAMENTO DE BOYAC\u00c1"},"content":{"rendered":"\n<h2>\n\t\tMODELACI\u00d3N HIDR\u00c1ULICA POR AVENIDA TORRENCIAL EN EL ESCENARIO DE REPRESAMIENTO DEL R\u00cdO CUSIANA A LA ALTURA DEL SECTOR LA GRANJA KM 87, HASTA EL SECTOR DEL CASCO URBANO DEL MUNICIPIO DE PAJARITO, DEPARTAMENTO DE BOYAC\u00c1\n\t<\/h2>\n\t<p>Se realizo el levantamiento fotogram\u00e9trico de 60 Ha as\u00ed como 8 l\u00edneas topobatim\u00e9tricas en una longitud de 1000 m en el \u00e1rea de inter\u00e9s, insumo principal para realizar la modelaci\u00f3n hidr\u00e1ulica que permitir\u00eda el an\u00e1lisis de amenaza y vulnerabilidad sobre el casco urbano del municipio de Pajarito &#8211; Boyac\u00e1, en el escenario de avenida torrencial por represamiento del rio Cusiana tras movimiento en masa en el sector de la Granja.<\/p>\n<p>Con la informaci\u00f3n recopilada y obtenida de los an\u00e1lisis de ingenier\u00eda para el presente estudio, se identific\u00f3 que se requieren movimientos en masa mayores a 500.000 m3 para dar lugar a un represamiento del r\u00edo Cusiana en el sector La Granja, que pueda llegar a generar un represamiento del r\u00edo mayor a 30m (escenario extremo con una probabilidad muy baja de ocurrencia) y que consecuentemente pueda causar afectaciones en el casco urbano del municipio.<\/p>\n\t\t\t\t<img decoding=\"async\" src=\"http:\/\/civilsig.com\/wp-content\/uploads\/2022\/11\/Amenaza_Escen.png\" alt=\"Amenaza_Escen\" itemprop=\"image\" title=\"Amenaza_Escen\" onerror=\"this.style.display='none'\"  \/>\n\t\t\t\t<img decoding=\"async\" src=\"http:\/\/civilsig.com\/wp-content\/uploads\/2022\/11\/Amenaza_Escen50m.png\" alt=\"Amenaza_Escen50m\" itemprop=\"image\" title=\"Amenaza_Escen50m\" onerror=\"this.style.display='none'\"  \/>\n\t\t\t\t<img decoding=\"async\" src=\"http:\/\/civilsig.com\/wp-content\/uploads\/2022\/11\/Topo_Desliz.png\" alt=\"Topo_Desliz\" itemprop=\"image\" title=\"Topo_Desliz\" onerror=\"this.style.display='none'\"  \/>\n\t\t\t\t<img decoding=\"async\" src=\"http:\/\/civilsig.com\/wp-content\/uploads\/2022\/11\/Escenarios_FRM.jpg\" alt=\"Escenarios_FRM\" itemprop=\"image\" title=\"Escenarios_FRM\" onerror=\"this.style.display='none'\"  \/>\n\t\t\t\t<img decoding=\"async\" src=\"http:\/\/civilsig.com\/wp-content\/uploads\/2022\/11\/Vis_Orto_Escen1.jpg\" alt=\"Vis_Orto_Escen1\" itemprop=\"image\" title=\"Vis_Orto_Escen1\" onerror=\"this.style.display='none'\"  \/>\n\t\t\t\t<img decoding=\"async\" src=\"http:\/\/civilsig.com\/wp-content\/uploads\/2022\/11\/Visualizacion_Escenario1.png\" alt=\"Visualizacion_Escenario1\" itemprop=\"image\" title=\"Visualizacion_Escenario1\" onerror=\"this.style.display='none'\"  \/>\n\t<meta itemprop=\"url\" content=\"https:\/\/civilsig.com.co\/wp-content\/uploads\/2022\/11\/Video_N\u00b02.mp4\" \/><div style=\"width: 640px;\" class=\"wp-video\"><!--[if lt IE 9]><script>document.createElement('video');<\/script><![endif]-->\n<video class=\"wp-video-shortcode\" id=\"video-959-1\" width=\"640\" height=\"360\" preload=\"metadata\" controls=\"controls\"><source type=\"video\/mp4\" src=\"https:\/\/civilsig.com.co\/wp-content\/uploads\/2022\/11\/Video_N\u00b02.mp4?_=1\" \/><a href=\"https:\/\/civilsig.com.co\/wp-content\/uploads\/2022\/11\/Video_N\u00b02.mp4\">https:\/\/civilsig.com.co\/wp-content\/uploads\/2022\/11\/Video_N\u00b02.mp4<\/a><\/video><\/div>\n\t<meta itemprop=\"url\" content=\"https:\/\/civilsig.com.co\/wp-content\/uploads\/2022\/11\/Video_1653991669.mp4\" \/><div style=\"width: 640px;\" class=\"wp-video\"><video class=\"wp-video-shortcode\" id=\"video-959-2\" width=\"640\" height=\"360\" preload=\"metadata\" controls=\"controls\"><source type=\"video\/mp4\" src=\"https:\/\/civilsig.com.co\/wp-content\/uploads\/2022\/11\/Video_1653991669.mp4?_=2\" \/><a href=\"https:\/\/civilsig.com.co\/wp-content\/uploads\/2022\/11\/Video_1653991669.mp4\">https:\/\/civilsig.com.co\/wp-content\/uploads\/2022\/11\/Video_1653991669.mp4<\/a><\/video><\/div>\n\t<meta itemprop=\"url\" content=\"https:\/\/civilsig.com.co\/wp-content\/uploads\/2022\/11\/Video_N\u00b01.mp4\" \/><div style=\"width: 640px;\" class=\"wp-video\"><video class=\"wp-video-shortcode\" id=\"video-959-3\" width=\"640\" height=\"360\" preload=\"metadata\" controls=\"controls\"><source type=\"video\/mp4\" src=\"https:\/\/civilsig.com.co\/wp-content\/uploads\/2022\/11\/Video_N\u00b01.mp4?_=3\" \/><a href=\"https:\/\/civilsig.com.co\/wp-content\/uploads\/2022\/11\/Video_N\u00b01.mp4\">https:\/\/civilsig.com.co\/wp-content\/uploads\/2022\/11\/Video_N\u00b01.mp4<\/a><\/video><\/div>\n\t\t\t<a href=\"https:\/\/civilsig.com.co\/index.php\/casos-de-exito\/\" target=\"_self\" rel=\"noopener\">\n\t\t\t\t\t\t\tVOLVER A LOS CASOS DE \u00c9XITO\n\t\t\t\t\t<\/a>\n\n","protected":false},"excerpt":{"rendered":"<p>MODELACI\u00d3N HIDR\u00c1ULICA POR AVENIDA TORRENCIAL EN EL ESCENARIO DE REPRESAMIENTO DEL R\u00cdO CUSIANA A LA ALTURA DEL SECTOR LA GRANJA KM 87, HASTA EL SECTOR DEL CASCO URBANO DEL MUNICIPIO DE PAJARITO, DEPARTAMENTO DE BOYAC\u00c1 Se realizo el levantamiento fotogram\u00e9trico de 60 Ha as\u00ed como 8 l\u00edneas topobatim\u00e9tricas en una longitud de 1000 m en [&hellip;]<\/p>\n","protected":false},"author":1,"featured_media":0,"parent":0,"menu_order":0,"comment_status":"closed","ping_status":"closed","template":"","meta":{"om_disable_all_campaigns":false,"_monsterinsights_skip_tracking":false,"_monsterinsights_sitenote_active":false,"_monsterinsights_sitenote_note":"","_monsterinsights_sitenote_category":0,"site-sidebar-layout":"no-sidebar","site-content-layout":"page-builder","ast-site-content-layout":"default","site-content-style":"default","site-sidebar-style":"default","ast-global-header-display":"","ast-banner-title-visibility":"","ast-main-header-display":"","ast-hfb-above-header-display":"","ast-hfb-below-header-display":"","ast-hfb-mobile-header-display":"","site-post-title":"disabled","ast-breadcrumbs-content":"","ast-featured-img":"disabled","footer-sml-layout":"","ast-disable-related-posts":"","theme-transparent-header-meta":"default","adv-header-id-meta":"","stick-header-meta":"","header-above-stick-meta":"","header-main-stick-meta":"","header-below-stick-meta":"","astra-migrate-meta-layouts":"default","ast-page-background-enabled":"default","ast-page-background-meta":{"desktop":{"background-color":"","background-image":"","background-repeat":"repeat","background-position":"center center","background-size":"auto","background-attachment":"scroll","background-type":"","background-media":"","overlay-type":"","overlay-color":"","overlay-opacity":"","overlay-gradient":""},"tablet":{"background-color":"","background-image":"","background-repeat":"repeat","background-position":"center center","background-size":"auto","background-attachment":"scroll","background-type":"","background-media":"","overlay-type":"","overlay-color":"","overlay-opacity":"","overlay-gradient":""},"mobile":{"background-color":"","background-image":"","background-repeat":"repeat","background-position":"center center","background-size":"auto","background-attachment":"scroll","background-type":"","background-media":"","overlay-type":"","overlay-color":"","overlay-opacity":"","overlay-gradient":""}},"ast-content-background-meta":{"desktop":{"background-color":"var(--ast-global-color-5)","background-image":"","background-repeat":"repeat","background-position":"center center","background-size":"auto","background-attachment":"scroll","background-type":"","background-media":"","overlay-type":"","overlay-color":"","overlay-opacity":"","overlay-gradient":""},"tablet":{"background-color":"var(--ast-global-color-5)","background-image":"","background-repeat":"repeat","background-position":"center center","background-size":"auto","background-attachment":"scroll","background-type":"","background-media":"","overlay-type":"","overlay-color":"","overlay-opacity":"","overlay-gradient":""},"mobile":{"background-color":"var(--ast-global-color-5)","background-image":"","background-repeat":"repeat","background-position":"center center","background-size":"auto","background-attachment":"scroll","background-type":"","background-media":"","overlay-type":"","overlay-color":"","overlay-opacity":"","overlay-gradient":""}},"footnotes":""},"class_list":["post-959","page","type-page","status-publish","hentry"],"aioseo_notices":[],"_links":{"self":[{"href":"https:\/\/civilsig.com.co\/index.php\/wp-json\/wp\/v2\/pages\/959","targetHints":{"allow":["GET"]}}],"collection":[{"href":"https:\/\/civilsig.com.co\/index.php\/wp-json\/wp\/v2\/pages"}],"about":[{"href":"https:\/\/civilsig.com.co\/index.php\/wp-json\/wp\/v2\/types\/page"}],"author":[{"embeddable":true,"href":"https:\/\/civilsig.com.co\/index.php\/wp-json\/wp\/v2\/users\/1"}],"replies":[{"embeddable":true,"href":"https:\/\/civilsig.com.co\/index.php\/wp-json\/wp\/v2\/comments?post=959"}],"version-history":[{"count":11,"href":"https:\/\/civilsig.com.co\/index.php\/wp-json\/wp\/v2\/pages\/959\/revisions"}],"predecessor-version":[{"id":11682,"href":"https:\/\/civilsig.com.co\/index.php\/wp-json\/wp\/v2\/pages\/959\/revisions\/11682"}],"wp:attachment":[{"href":"https:\/\/civilsig.com.co\/index.php\/wp-json\/wp\/v2\/media?parent=959"}],"curies":[{"name":"wp","href":"https:\/\/api.w.org\/{rel}","templated":true}]}}